{"id":26,"date":"2018-07-21T11:08:00","date_gmt":"2018-07-21T11:08:00","guid":{"rendered":"http:\/\/nft.lts-flyfishing.eu\/?page_id=26"},"modified":"2019-12-14T09:51:02","modified_gmt":"2019-12-14T09:51:02","slug":"home","status":"publish","type":"page","link":"https:\/\/northern-flytying.de\/","title":{"rendered":"Home"},"content":{"rendered":"\n<p class=\"has-drop-cap\">Meine Idee: Die Welt mit Meerforellen- und Lachsfliegen aus hochwertigen Materialien auszustatten!<\/p>\n\n\n\n<p>Sorgf\u00e4ltig ausgew\u00e4hlte Bindematerialien f\u00fcr die Meerforellen-, und Lachsfischerei, die auch mehr als ein oder zwei kampfstarke Drills problemlos \u00fcberleben. Haken der Firma AHREX f\u00fcr die Meerforellenfliegen und Spitzenmaterial f\u00fcr Lachstuben, orientiert an den Erfahrungen der internationalen Binder und nat\u00fcrlich weiter verfeinert mit dem eigenen Erfahrungsschatz.&nbsp;<\/p>\n\n\n\n<p>Meine Fliegen werden nicht nur von mir, sondern auch von erfahrenen Bindern und Fliegenfischern kritisch unter die Augen und letztendlich in den Praxiseinsatz an die K\u00fcste oder Fl\u00fcssen auf Herz und Nieren getestet, bevor diese das Licht der Ladentheke und der weiten Welt erblicken.<\/p>\n\n\n\n<p>In organisierten Bindekursen vermittele ich Ihnen au\u00dferdem ohne Umschweife die Geheimnisse des Fliegenbindens, schauen Sie einfach vorbei oder Sprechen Sie mich an.<\/p>\n\n\n\n<p>Ich stehe Ihnen unter&nbsp;<a href=\"mailto:info@northern-flytying.de\">info@northern-flytying.de<\/a>&nbsp;f\u00fcr weitere Fragen, gerne zur Verf\u00fcgung!<\/p>\n\n\n\n<p>&nbsp; &nbsp; &nbsp; &nbsp; &nbsp; Ihr<\/p>\n\n\n\n<p>\u00a0 \u00a0 \u00a0 \u00a0 \u00a0 \u00a0 \u00a0 \u00a0 \u00a0 \u00a0<em>Oliver Oelze<\/em> (Pro Team Member AHREX Hooks)<\/p>\n","protected":false},"excerpt":{"rendered":"<p>Meine Idee: Die Welt mit Meerforellen- und Lachsfliegen aus hochwertigen Materialien auszustatten! Sorgf\u00e4ltig ausgew\u00e4hlte Bindematerialien f\u00fcr die Meerforellen-, und Lachsfischerei, die auch mehr als ein oder zwei kampfstarke Drills problemlos \u00fcberleben. Haken der Firma AHREX f\u00fcr die Meerforellenfliegen und Spitzenmaterial f\u00fcr Lachstuben, orientiert an den Erfahrungen der internationalen Binder und [&hellip;]<\/p>\n","protected":false},"author":1,"featured_media":0,"parent":0,"menu_order":0,"comment_status":"closed","ping_status":"closed","template":"","meta":{"footnotes":""},"class_list":["post-26","page","type-page","status-publish","hentry"],"_links":{"self":[{"href":"https:\/\/northern-flytying.de\/index.php?rest_route=\/wp\/v2\/pages\/26","targetHints":{"allow":["GET"]}}],"collection":[{"href":"https:\/\/northern-flytying.de\/index.php?rest_route=\/wp\/v2\/pages"}],"about":[{"href":"https:\/\/northern-flytying.de\/index.php?rest_route=\/wp\/v2\/types\/page"}],"author":[{"embeddable":true,"href":"https:\/\/northern-flytying.de\/index.php?rest_route=\/wp\/v2\/users\/1"}],"replies":[{"embeddable":true,"href":"https:\/\/northern-flytying.de\/index.php?rest_route=%2Fwp%2Fv2%2Fcomments&post=26"}],"version-history":[{"count":12,"href":"https:\/\/northern-flytying.de\/index.php?rest_route=\/wp\/v2\/pages\/26\/revisions"}],"predecessor-version":[{"id":599,"href":"https:\/\/northern-flytying.de\/index.php?rest_route=\/wp\/v2\/pages\/26\/revisions\/599"}],"wp:attachment":[{"href":"https:\/\/northern-flytying.de\/index.php?rest_route=%2Fwp%2Fv2%2Fmedia&parent=26"}],"curies":[{"name":"wp","href":"https:\/\/api.w.org\/{rel}","templated":true}]}}